{"id":23,"date":"2025-11-05T14:38:50","date_gmt":"2025-11-05T14:38:50","guid":{"rendered":"https:\/\/peterag.no\/index.php\/om-ag-mentaltrening\/"},"modified":"2025-11-07T20:13:15","modified_gmt":"2025-11-07T19:13:15","slug":"om-ag-mentaltrening","status":"publish","type":"page","link":"https:\/\/peterag.no\/index.php\/om-ag-mentaltrening\/","title":{"rendered":"Om AG Mentaltrening"},"content":{"rendered":"\t\t<div data-elementor-type=\"wp-page\" data-elementor-id=\"23\" class=\"elementor elementor-23\">\n\t\t\t\t<div class=\"elementor-element elementor-element-47c9463 e-con-full e-flex e-con e-parent\" data-id=\"47c9463\" data-element_type=\"container\">\n\t\t\t\t<div class=\"elementor-element elementor-element-c2a34b0 elementor-widget elementor-widget-slides\" data-id=\"c2a34b0\" data-element_type=\"widget\" data-widget_type=\"slides.default\">\n\t\t\t\t<div class=\"elementor-widget-container\">\n\t\t\t\t\t \t\t\t\t<\/div>\n\t\t\t\t<\/div>\n\t\t\t\t<\/div>\n\t\t<div class=\"elementor-element elementor-element-bcd7667 e-flex e-con-boxed e-con e-parent\" data-id=\"bcd7667\" data-element_type=\"container\" data-settings=\"{&quot;background_background&quot;:&quot;classic&quot;}\">\n\t\t\t\t\t<div class=\"e-con-inner\">\n\t\t<div class=\"elementor-element elementor-element-e63af78 e-con-full e-flex e-con e-child\" data-id=\"e63af78\" data-element_type=\"container\">\n\t\t\t\t<div class=\"elementor-element elementor-element-f2e15d5 elementor-widget elementor-widget-heading\" data-id=\"f2e15d5\" data-element_type=\"widget\" data-widget_type=\"heading.default\">\n\t\t\t\t\t<h2 class=\"elementor-heading-title elementor-size-default\">V\u00e5r filosofi rundt mentaltrening<\/h2>\t\t\t\t<\/div>\n\t\t\t\t<\/div>\n\t\t<div class=\"elementor-element elementor-element-b210454 e-con-full e-flex e-con e-child\" data-id=\"b210454\" data-element_type=\"container\">\n\t\t\t\t<div class=\"elementor-element elementor-element-176766a elementor-widget elementor-widget-text-editor\" data-id=\"176766a\" data-element_type=\"widget\" data-widget_type=\"text-editor.default\">\n\t\t\t\t\t\t\t\t\t<p>AG Mentaltrening har som m\u00e5l \u00e5 styrke individet gjennom bevisste mentale teknikker og utfordring av tanke- og reaksjonsm\u00f8nstre. Bakgrunnen er fra kognitiv psykologi og idrettspsykologi. Dette er ikke behandlingstilbud, men en m\u00e5te \u00e5 spisse sin egen tankevirksomhet p\u00e5, og dermed fungere enda bedre i hverdagen. Alts\u00e5 et treningstilbud for tankene, p\u00e5 samme m\u00e5te som styrke eller kondisjonstrening for muskler og hjerte.\u00a0<\/p><p>Vi har troa p\u00e5 at alt i livet er trening, og at det absolutt har en verdi \u00e5 trene tanken!<\/p>\t\t\t\t\t\t\t\t<\/div>\n\t\t\t\t<\/div>\n\t\t\t\t\t<\/div>\n\t\t\t\t<\/div>\n\t\t<div class=\"elementor-element elementor-element-1fa167e e-flex e-con-boxed e-con e-parent\" data-id=\"1fa167e\" data-element_type=\"container\">\n\t\t\t\t\t<div class=\"e-con-inner\">\n\t\t\t\t\t<\/div>\n\t\t\t\t<\/div>\n\t\t<div class=\"elementor-element elementor-element-dabb2fd e-flex e-con-boxed e-con e-parent\" data-id=\"dabb2fd\" data-element_type=\"container\" data-settings=\"{&quot;background_background&quot;:&quot;classic&quot;}\">\n\t\t\t\t\t<div class=\"e-con-inner\">\n\t\t\t\t<div class=\"elementor-element elementor-element-28190a3 elementor-widget elementor-widget-heading\" data-id=\"28190a3\" data-element_type=\"widget\" data-widget_type=\"heading.default\">\n\t\t\t\t\t<h2 class=\"elementor-heading-title elementor-size-default\">Om meg<\/h2>\t\t\t\t<\/div>\n\t\t\t\t<div class=\"elementor-element elementor-element-eabcc25 elementor-widget elementor-widget-text-editor\" data-id=\"eabcc25\" data-element_type=\"widget\" data-widget_type=\"text-editor.default\">\n\t\t\t\t\t\t\t\t\t<p>Dedikert til \u00e5 st\u00f8tte deg i din reise mot effektiv mental trening, utvikling og oppn\u00e5elsen av dine m\u00e5l!<\/p>\t\t\t\t\t\t\t\t<\/div>\n\t\t\t\t\t<\/div>\n\t\t\t\t<\/div>\n\t\t<div class=\"elementor-element elementor-element-17027c2 e-flex e-con-boxed e-con e-parent\" data-id=\"17027c2\" data-element_type=\"container\">\n\t\t\t\t\t<div class=\"e-con-inner\">\n\t\t\t\t<div class=\"elementor-element elementor-element-e597a7f elementor-widget elementor-widget-text-editor\" data-id=\"e597a7f\" data-element_type=\"widget\" data-widget_type=\"text-editor.default\">\n\t\t\t\t\t\t\t\t\t<p style=\"margin: 0px 0px 10px; color: #000000; font-family: Roboto, sans-serif; font-size: 15px;\">Peter har en utdanningsbakgrunn fra idrett og psykologi, med en Bachelorgrad fra Universitet i Oslo i kognitiv psykologi, samt en Mastergrad i Idrettsvitenskap med retningen Coaching og Idrettspsykologi, fra Norges Idrettsh\u00f8gskole.<\/p><p style=\"margin: 0px 0px 10px; color: #000000; font-family: Roboto, sans-serif; font-size: 15px;\">Ved siden av utdanningen har Peter en god erfaringsbase n\u00e5r det kommer til \u00e5 jobbe med mennesker, blant annet som fotballtrener hos IL Heming og Ekholt Ballklubb, samt jobb i skoleverket som pedagog. Gjennom etableringen av AG Mentaltrening er hovedfokuset \u00e5 benytte teknikker med bakgrunn i kognitiv psykologi og idrettspsykologi for \u00e5 n\u00e5 m\u00e5lsetninger og mestre hverdagen, s\u00e5 vel som treningen, p\u00e5 en best mulig m\u00e5te.<\/p><p style=\"margin: 0px 0px 10px; color: #000000; font-family: Roboto, sans-serif; font-size: 15px;\">Peter jobber pr n\u00e5 ogs\u00e5 som trener og instrukt\u00f8r hos Fokus Trening med et spesielt fokus p\u00e5 \u00e5 fors\u00f8ke \u00e5 se helheten. At alt i\u00a0livet er trening, ikke bare n\u00e5r vi er p\u00e5 trening, er en del av filosofien. Tips og triks for \u00e5 f\u00e5 til endringer og vedlikeholde gode vaner vil v\u00e6re blant virkemidlene, samt fors\u00f8ke \u00e5 bidra til \u00f8kt motivasjon og selvtillit knyttet til trening s\u00e5 vel som hverdag.<\/p><p style=\"margin: 0px 0px 10px; color: #000000; font-family: Roboto, sans-serif; font-size: 15px;\">Peters idrettsbakgrunn er hovedsakelig fra fotball, parallelt med styrketrening og kondisjonstrening. Mindfulness og yoga, samt trening med kroppsvekt er ogs\u00e5 kompetanseomr\u00e5der, med form\u00e5l om \u00e5 fremme en total funksjonalitet b\u00e5de n\u00e5r det kommer til det mentale, den fysiske styrken, og bevegeligheten. Form\u00e5let er en balanse i livet som vil gi mer overskudd, energi og glede &#8211; som gir muligheten til \u00e5 gj\u00f8re mer av det som betyr mest, for akkurat deg.<\/p><p style=\"margin: 0px 0px 10px; color: #000000; font-family: Roboto, sans-serif; font-size: 15px;\">\u00a0<\/p><p style=\"margin: 0px 0px 10px; color: #000000; font-family: Roboto, sans-serif; font-size: 15px;\"><strong style=\"font-weight: bold;\">Spesialfelt:\u00a0<\/strong>Mental trening, livsstilsendring, funksjonell helse gjennom styrke, bevegelighet og kondisjon.<\/p><p style=\"margin: 0px 0px 10px; color: #000000; font-family: Roboto, sans-serif; font-size: 15px;\">\u00a0<\/p><p style=\"margin: 0px 0px 10px; color: #000000; font-family: Roboto, sans-serif; font-size: 15px;\"><strong style=\"font-weight: bold;\">Utdanning:<\/strong><\/p><ul style=\"margin-top: 0px; margin-bottom: 10px; color: #000000; font-family: Roboto, sans-serif; font-size: 15px; background-color: #ffffff;\"><li>Praktisk pedagogisk utdanning, UiO (2023)<\/li><li>Master i idrettsvitenskap: Coaching og Idrettspsykologi, NIH (2020)<\/li><li>Bachelor i Kognitiv Psykologi, UiO (2014)<\/li><\/ul>\t\t\t\t\t\t\t\t<\/div>\n\t\t\t\t\t<\/div>\n\t\t\t\t<\/div>\n\t\t<div class=\"elementor-element elementor-element-2bb4083 e-flex e-con-boxed e-con e-parent\" data-id=\"2bb4083\" data-element_type=\"container\">\n\t\t\t\t\t<div class=\"e-con-inner\">\n\t\t\t\t<div class=\"elementor-element elementor-element-73a06c4 elementor-widget elementor-widget-heading\" data-id=\"73a06c4\" data-element_type=\"widget\" data-widget_type=\"heading.default\">\n\t\t\t\t\t<h5 class=\"elementor-heading-title elementor-size-default\">Feedback<\/h5>\t\t\t\t<\/div>\n\t\t\t\t<div class=\"elementor-element elementor-element-d953af7 elementor-widget elementor-widget-heading\" data-id=\"d953af7\" data-element_type=\"widget\" data-widget_type=\"heading.default\">\n\t\t\t\t\t<h2 class=\"elementor-heading-title elementor-size-default\">Tilbakemeldinger fra v\u00e5re klienter<\/h2>\t\t\t\t<\/div>\n\t\t\t\t<div class=\"elementor-element elementor-element-f3769ea elementor-widget elementor-widget-testimonial-carousel\" data-id=\"f3769ea\" data-element_type=\"widget\" data-widget_type=\"testimonial-carousel.default\">\n\t\t\t\t<div class=\"elementor-widget-container\">\n\t\t\t\t\t \t\t\t\t<\/div>\n\t\t\t\t<\/div>\n\t\t\t\t\t<\/div>\n\t\t\t\t<\/div>\n\t\t<div class=\"elementor-element elementor-element-60907ef e-flex e-con-boxed e-con e-parent\" data-id=\"60907ef\" data-element_type=\"container\" data-settings=\"{&quot;background_background&quot;:&quot;classic&quot;}\">\n\t\t\t\t\t<div class=\"e-con-inner\">\n\t\t<div class=\"elementor-element elementor-element-7862832 e-con-full e-flex e-con e-child\" data-id=\"7862832\" data-element_type=\"container\">\n\t\t\t\t<div class=\"elementor-element elementor-element-07e3b63 elementor-widget elementor-widget-heading\" data-id=\"07e3b63\" data-element_type=\"widget\" data-widget_type=\"heading.default\">\n\t\t\t\t\t<h2 class=\"elementor-heading-title elementor-size-default\">Ta kontakt for mer informasjon<\/h2>\t\t\t\t<\/div>\n\t\t\t\t<div class=\"elementor-element elementor-element-3767449 elementor-widget elementor-widget-text-editor\" data-id=\"3767449\" data-element_type=\"widget\" data-widget_type=\"text-editor.default\">\n\t\t\t\t\t\t\t\t\t<p>Vi er her for \u00e5 hjelpe deg. Enten du har sp\u00f8rsm\u00e5l, \u00f8nsker mer informasjon, eller vil bestille en tjeneste, er vi klar til \u00e5 lytte. Ta det f\u00f8rste steget p\u00e5 din mentaltreningsreise i dag.<\/p>\t\t\t\t\t\t\t\t<\/div>\n\t\t<div class=\"elementor-element elementor-element-e31c33a e-flex e-con-boxed e-con e-child\" data-id=\"e31c33a\" data-element_type=\"container\">\n\t\t\t\t\t<div class=\"e-con-inner\">\n\t\t\t\t<div class=\"elementor-element elementor-element-84d480a elementor-widget__width-auto elementor-align-right elementor-widget elementor-widget-button\" data-id=\"84d480a\" data-element_type=\"widget\" data-widget_type=\"button.default\">\n\t\t\t\t\t\t\t\t\t\t<a class=\"elementor-button elementor-button-link elementor-size-sm\" href=\"https:\/\/peterag.no\/index.php\/kontakt\/\">\n\t\t\t\t\t\t<span class=\"elementor-button-content-wrapper\">\n\t\t\t\t\t\t\t\t\t<span class=\"elementor-button-text\">Kontakt oss<\/span>\n\t\t\t\t\t<\/span>\n\t\t\t\t\t<\/a>\n\t\t\t\t\t\t\t\t<\/div>\n\t\t\t\t<div class=\"elementor-element elementor-element-05e5e4c elementor-widget__width-auto elementor-align-right elementor-widget elementor-widget-button\" data-id=\"05e5e4c\" data-element_type=\"widget\" data-widget_type=\"button.default\">\n\t\t\t\t\t\t\t\t\t\t<a class=\"elementor-button elementor-button-link elementor-size-sm\" href=\"https:\/\/docs.google.com\/forms\/d\/e\/1FAIpQLSeFedc4_agVuBQhsONqnU08kudS9HF8qmzqXly8I2Z3r29Deg\/viewform?usp=dialog\">\n\t\t\t\t\t\t<span class=\"elementor-button-content-wrapper\">\n\t\t\t\t\t\t\t\t\t<span class=\"elementor-button-text\">Bestill n\u00e5<\/span>\n\t\t\t\t\t<\/span>\n\t\t\t\t\t<\/a>\n\t\t\t\t\t\t\t\t<\/div>\n\t\t\t\t\t<\/div>\n\t\t\t\t<\/div>\n\t\t\t\t<\/div>\n\t\t\t\t\t<\/div>\n\t\t\t\t<\/div>\n\t\t\t\t<\/div>\n\t\t","protected":false},"excerpt":{"rendered":"<p>V\u00e5r filosofi rundt mentaltrening AG Mentaltrening har som m\u00e5l \u00e5 styrke individet gjennom bevisste mentale teknikker og utfordring av tanke- og reaksjonsm\u00f8nstre. Bakgrunnen er fra kognitiv psykologi og idrettspsykologi. Dette er ikke behandlingstilbud, men en m\u00e5te \u00e5 spisse sin egen tankevirksomhet p\u00e5, og dermed fungere enda bedre i hverdagen. Alts\u00e5 et treningstilbud for tankene, p\u00e5 [&hellip;]<\/p>\n","protected":false},"author":1,"featured_media":0,"parent":0,"menu_order":0,"comment_status":"closed","ping_status":"closed","template":"","meta":{"footnotes":""},"class_list":["post-23","page","type-page","status-publish","hentry"],"_links":{"self":[{"href":"https:\/\/peterag.no\/index.php\/wp-json\/wp\/v2\/pages\/23","targetHints":{"allow":["GET"]}}],"collection":[{"href":"https:\/\/peterag.no\/index.php\/wp-json\/wp\/v2\/pages"}],"about":[{"href":"https:\/\/peterag.no\/index.php\/wp-json\/wp\/v2\/types\/page"}],"author":[{"embeddable":true,"href":"https:\/\/peterag.no\/index.php\/wp-json\/wp\/v2\/users\/1"}],"replies":[{"embeddable":true,"href":"https:\/\/peterag.no\/index.php\/wp-json\/wp\/v2\/comments?post=23"}],"version-history":[{"count":10,"href":"https:\/\/peterag.no\/index.php\/wp-json\/wp\/v2\/pages\/23\/revisions"}],"predecessor-version":[{"id":89,"href":"https:\/\/peterag.no\/index.php\/wp-json\/wp\/v2\/pages\/23\/revisions\/89"}],"wp:attachment":[{"href":"https:\/\/peterag.no\/index.php\/wp-json\/wp\/v2\/media?parent=23"}],"curies":[{"name":"wp","href":"https:\/\/api.w.org\/{rel}","templated":true}]}}